{"id":278,"date":"2020-04-25T11:31:59","date_gmt":"2020-04-25T11:31:59","guid":{"rendered":"https:\/\/www.virgendelosremedios.net\/?page_id=278"},"modified":"2022-09-25T11:48:44","modified_gmt":"2022-09-25T11:48:44","slug":"quienes-somos","status":"publish","type":"page","link":"https:\/\/www.virgendelosremedios.net\/","title":{"rendered":"QUIENES SOMOS"},"content":{"rendered":"<p style=\"text-align: justify;\">La Asociaci\u00f3n de Vecinos \u201cVirgen de Los Remedios\u201d se constituy\u00f3 en 1995 con el objetivo de integrar a los nuevos vecinos que llegaban a Villamayor y que no participaban de su vida social y cultural. La Asociaci\u00f3n cogi\u00f3 el enombre de su patrona la Virgen de los Remedios.\u00a0\u00a0\u00a0\u00a0\u00a0\u00a0\u00a0\u00a0 <img fetchpriority=\"high\" decoding=\"async\" class=\"size-medium wp-image-296 alignleft\" src=\"https:\/\/www.virgendelosremedios.net\/wp-content\/uploads\/2020\/04\/portalillamayor_02_rgb-298x300.jpg\" alt=\"\" width=\"298\" height=\"300\" srcset=\"https:\/\/www.virgendelosremedios.net\/wp-content\/uploads\/2020\/04\/portalillamayor_02_rgb-298x300.jpg 298w, https:\/\/www.virgendelosremedios.net\/wp-content\/uploads\/2020\/04\/portalillamayor_02_rgb-1016x1024.jpg 1016w, https:\/\/www.virgendelosremedios.net\/wp-content\/uploads\/2020\/04\/portalillamayor_02_rgb-150x150.jpg 150w, https:\/\/www.virgendelosremedios.net\/wp-content\/uploads\/2020\/04\/portalillamayor_02_rgb-768x774.jpg 768w, https:\/\/www.virgendelosremedios.net\/wp-content\/uploads\/2020\/04\/portalillamayor_02_rgb-1524x1536.jpg 1524w, https:\/\/www.virgendelosremedios.net\/wp-content\/uploads\/2020\/04\/portalillamayor_02_rgb-2032x2048.jpg 2032w, https:\/\/www.virgendelosremedios.net\/wp-content\/uploads\/2020\/04\/portalillamayor_02_rgb-90x90.jpg 90w, https:\/\/www.virgendelosremedios.net\/wp-content\/uploads\/2020\/04\/portalillamayor_02_rgb-75x75.jpg 75w\" sizes=\"(max-width: 298px) 100vw, 298px\" \/><\/p>\n<p style=\"text-align: justify;\">La asociaci\u00f3n\u00a0 tiene unos fines culturales, sociales, informativos y de convivencia de los vecinos de Villamayor; adem\u00e1s de contar con una dimensi\u00f3n europea.<\/p>\n<p style=\"text-align: justify;\">&#8211; Fines culturales: promover la educaci\u00f3n de los socios y del resto de vecinos de Villamayor, mediante cursos, campa\u00f1as de educaci\u00f3n y formaci\u00f3n c\u00edvica, cine-forum, exposiciones y todo tipo de actividades culturales, as\u00ed como potenciar otros cauces de formaci\u00f3n cultural.<\/p>\n<p style=\"text-align: justify;\">&#8211; Fines sociales: promover el conocimiento y la participaci\u00f3n colectiva entre todos los vecinos del municipio, recogiendo sus sugerencias y propuestas para canalizarlas hacia los organismos oficiales.<\/p>\n<p style=\"text-align: justify;\">&#8211; Fines informativos: publicar un bolet\u00edn digital con temas culturales, temas de actualidad, problem\u00e1ticas y valores del municipio.<\/p>\n<p style=\"text-align: justify;\">&#8211; Fines de convivencia: velar por una buena convivencia en el municipio, respetando el medio ambiente y todos aquellos aspectos que puedan afectar a la salud.<\/p>\n<p style=\"text-align: justify;\">&#8211; Dimensi\u00f3n europea: participar en proyectos europeos con asociaciones que tengan fines similares a los nuestros.<\/p>\n<p style=\"text-align: justify;\">La Asociaci\u00f3n con el apoyo de las AMPAS (Asociaciones de Padres y Madres) de Villamayor y otras instituciones del municipio, en colaboraci\u00f3n con la Academia de Idiomas Wonderland, organiz\u00f3 durante muchos a\u00f1os un campamento biling\u00fce en verano con el objetivo de favorecer el deporte y potenciar la convivencia de los ni\u00f1os y ni\u00f1as, utilizando el ingl\u00e9s como lengua vehicular.<\/p>\n<p style=\"text-align: justify;\">En 2.008 cre\u00f3 un portal web empresarial <a href=\"http:\/\/www.portalvillamayor.com\/\">www.portalvillamayor.com<\/a> con la idea de ser un <img decoding=\"async\" class=\"size-medium wp-image-295 alignleft\" src=\"https:\/\/www.virgendelosremedios.net\/wp-content\/uploads\/2020\/04\/CARTELPREMIOS_2020_ArteFinal-WEB-160x300.jpg\" alt=\"\" width=\"160\" height=\"300\" srcset=\"https:\/\/www.virgendelosremedios.net\/wp-content\/uploads\/2020\/04\/CARTELPREMIOS_2020_ArteFinal-WEB-160x300.jpg 160w, https:\/\/www.virgendelosremedios.net\/wp-content\/uploads\/2020\/04\/CARTELPREMIOS_2020_ArteFinal-WEB-546x1024.jpg 546w, https:\/\/www.virgendelosremedios.net\/wp-content\/uploads\/2020\/04\/CARTELPREMIOS_2020_ArteFinal-WEB-768x1440.jpg 768w, https:\/\/www.virgendelosremedios.net\/wp-content\/uploads\/2020\/04\/CARTELPREMIOS_2020_ArteFinal-WEB-819x1536.jpg 819w, https:\/\/www.virgendelosremedios.net\/wp-content\/uploads\/2020\/04\/CARTELPREMIOS_2020_ArteFinal-WEB-1092x2048.jpg 1092w, https:\/\/www.virgendelosremedios.net\/wp-content\/uploads\/2020\/04\/CARTELPREMIOS_2020_ArteFinal-WEB.jpg 1260w\" sizes=\"(max-width: 160px) 100vw, 160px\" \/>referente en Villamayor en la difusi\u00f3n de sus empresas y sus negocios. Inicialmente fue un medio de difusi\u00f3n de empresas, pero ha evolucionado hacia un portal m\u00e1s general para llegar a ser en Villamayor un referente de la actualidad, de la informaci\u00f3n empresarial, de la cultura, de la juventud y de las posibilidades que Europa ofrece a los vecinos. Para ello, organiza una escuela virtual de padres y madres, entrevista a personas destacadas del municipio, realiza reportajes sobre empresas de la localidad, cert\u00e1menes para reconocer la trayectoria de algunas empresas, instituciones, colectivos, investigadores y artistas de Villamayor.<\/p>\n<p style=\"text-align: justify;\">Los miembros de la Asociaci\u00f3n participan en las actividades de manera muy activa. La mayor\u00eda de ellos son maestros que realizan en la ciudad todo tipo de actividades educativas: campamentos biling\u00fces, ense\u00f1anza del ingl\u00e9s, ense\u00f1anza de adultos y desarrollo de un portal cultural, social, econ\u00f3mico y comercial que informa a los vecinos.<img decoding=\"async\" class=\"size-medium wp-image-293 alignright\" src=\"https:\/\/www.virgendelosremedios.net\/wp-content\/uploads\/2020\/04\/PORTADA-C-BILINGUE-2012-146x300.jpg\" alt=\"\" width=\"146\" height=\"300\" srcset=\"https:\/\/www.virgendelosremedios.net\/wp-content\/uploads\/2020\/04\/PORTADA-C-BILINGUE-2012-146x300.jpg 146w, https:\/\/www.virgendelosremedios.net\/wp-content\/uploads\/2020\/04\/PORTADA-C-BILINGUE-2012.jpg 287w\" sizes=\"(max-width: 146px) 100vw, 146px\" \/> Tambi\u00e9n colabora en otras actividades como la defensa de la piedra de Villamayor y la participaci\u00f3n en proyectos europeos. Los objetivos principales son:1. Ayudar a los ni\u00f1os y ni\u00f1as, padres y madres, residentes y comerciantes espa\u00f1oles a aprender ingl\u00e9s, organizando cursos de ingl\u00e9s para todos ellos, incluido el campamento biling\u00fce para ni\u00f1os en verano.2. Ayudar a los adultos mayores espa\u00f1oles a mejorar sus conocimientos y competencias mediante el voluntariado de organizaciones ben\u00e9ficas, la ense\u00f1anza como apoyo auxiliar, el trabajo con ni\u00f1os y ancianos y el trabajo con personas con necesidades especiales en un pa\u00eds extranjero. \u00a0Tenemos 14 a\u00f1os de experiencia en proyectos de la UE:<\/p>\n<ol style=\"text-align: justify;\">\n<li>En los a\u00f1os 2006-2009 la Asociaci\u00f3n de Vecinos \u201cVirgen de los Remedios\u201d coordin\u00f3 el proyecto Gruntvig 2 \u201cEuropean Community Champions\u201d n\u00famero de contrato 07-ESP01-GR04-00272-2<\/li>\n<\/ol>\n<p style=\"text-align: justify;\"><img loading=\"lazy\" decoding=\"async\" class=\"size-medium wp-image-292 alignleft\" src=\"https:\/\/www.virgendelosremedios.net\/wp-content\/uploads\/2020\/04\/d-gratis-salamanca378-silver-spainglish1-235x300.jpg\" alt=\"\" width=\"235\" height=\"300\" srcset=\"https:\/\/www.virgendelosremedios.net\/wp-content\/uploads\/2020\/04\/d-gratis-salamanca378-silver-spainglish1-235x300.jpg 235w, https:\/\/www.virgendelosremedios.net\/wp-content\/uploads\/2020\/04\/d-gratis-salamanca378-silver-spainglish1.jpg 595w\" sizes=\"(max-width: 235px) 100vw, 235px\" \/>2 En los a\u00f1os 2009-2011 coordin\u00f3 el proyecto Grundtvig Senior Volunteering \u201cSilverspanglish\u201d con contrato n\u00famero 2009-1-GB2- GRU14-01798.<\/p>\n<ol style=\"text-align: justify;\" start=\"3\">\n<li>En los a\u00f1os 2011-2013 coordin\u00f3 el proyecto \u201cEnglish education despite all the negativity\u201d con n\u00famero de contrato 2012-1-ES1-GRU06-53450.<\/li>\n<li>En el 2011 la Asociaci\u00f3n recibe un premio de calidad por sus proyectos europeos de la Agencia Nacional Espa\u00f1ola.<\/li>\n<\/ol>\n<p style=\"text-align: justify;\">Actualmente la Asociaci\u00f3n de Vecinos \u201cVirgen de los Remedios\u201d trabaja en dos proyectos importantes:<\/p>\n<ul>\n<li style=\"text-align: justify;\">Es la responsable del peri\u00f3dico digital PortalVillamayor, que cada d\u00eda informa y forma a los vecinos de Villamayor. Este peri\u00f3dico cada a\u00f1o otorga unos premios de prestigio: premio al mejor empresario\/a, premio a la implicaci\u00f3n,<img loading=\"lazy\" decoding=\"async\" class=\"size-medium wp-image-228 alignright\" src=\"https:\/\/www.virgendelosremedios.net\/wp-content\/uploads\/2020\/04\/CartelA3_Convivencias_Villamayor-web-208x300.jpg\" alt=\"\" width=\"208\" height=\"300\" srcset=\"https:\/\/www.virgendelosremedios.net\/wp-content\/uploads\/2020\/04\/CartelA3_Convivencias_Villamayor-web-208x300.jpg 208w, https:\/\/www.virgendelosremedios.net\/wp-content\/uploads\/2020\/04\/CartelA3_Convivencias_Villamayor-web.jpg 295w\" sizes=\"(max-width: 208px) 100vw, 208px\" \/> premio orgullo, premio a la ciencia y la cultura; y premio honor.<\/li>\n<li style=\"text-align: justify;\">Actualmente trabaja en un proyecto de Convivencia para Villamayor con distintas instituciones: AMPAS de los cuatro centros educativos (CEIP Piedra de Arte, CEIP Ciudad de los Ni\u00f1os, IESO Tom\u00e1s Bret\u00f3n y el CEE el Camino de ASPCE), la Fundaci\u00f3n FUNDANEED, la Fundaci\u00f3n MEDIAREN, el Espacio Joven CASJUVI y \u201cVillamayor Abogados\u201d. Este grupo de padres y madres estamos preocupados por el aumento de los conflictos en la localidad y buscamos una soluci\u00f3n de la mano de los centros educativos y con el respaldo de las autoridades municipales. Estamos comenzando este bonito camino y el respaldo europeo ser\u00eda la soluci\u00f3n al problema.<\/li>\n<li>CONTACTAR:<\/li>\n<li>buesalgui1962@gmail.com<\/li>\n<li>alcargar64@gmail.com<\/li>\n<\/ul>\n","protected":false},"excerpt":{"rendered":"<p>La Asociaci\u00f3n de Vecinos \u201cVirgen de Los Remedios\u201d se constituy\u00f3 en 1995 con el objetivo de integrar a los nuevos vecinos que llegaban a Villamayor y que no participaban de su vida social y cultural. La Asociaci\u00f3n cogi\u00f3 el enombre de su patrona la Virgen de los Remedios.\u00a0\u00a0\u00a0\u00a0\u00a0\u00a0\u00a0\u00a0 La asociaci\u00f3n\u00a0 tiene unos fines culturales, sociales, informativos y de convivencia de<\/p>\n","protected":false},"author":2,"featured_media":0,"parent":0,"menu_order":0,"comment_status":"closed","ping_status":"closed","template":"","meta":{"footnotes":""},"class_list":["post-278","page","type-page","status-publish","hentry"],"_links":{"self":[{"href":"https:\/\/www.virgendelosremedios.net\/index.php\/wp-json\/wp\/v2\/pages\/278","targetHints":{"allow":["GET"]}}],"collection":[{"href":"https:\/\/www.virgendelosremedios.net\/index.php\/wp-json\/wp\/v2\/pages"}],"about":[{"href":"https:\/\/www.virgendelosremedios.net\/index.php\/wp-json\/wp\/v2\/types\/page"}],"author":[{"embeddable":true,"href":"https:\/\/www.virgendelosremedios.net\/index.php\/wp-json\/wp\/v2\/users\/2"}],"replies":[{"embeddable":true,"href":"https:\/\/www.virgendelosremedios.net\/index.php\/wp-json\/wp\/v2\/comments?post=278"}],"version-history":[{"count":5,"href":"https:\/\/www.virgendelosremedios.net\/index.php\/wp-json\/wp\/v2\/pages\/278\/revisions"}],"predecessor-version":[{"id":438,"href":"https:\/\/www.virgendelosremedios.net\/index.php\/wp-json\/wp\/v2\/pages\/278\/revisions\/438"}],"wp:attachment":[{"href":"https:\/\/www.virgendelosremedios.net\/index.php\/wp-json\/wp\/v2\/media?parent=278"}],"curies":[{"name":"wp","href":"https:\/\/api.w.org\/{rel}","templated":true}]}}